{"id":19765,"date":"2020-02-24T22:15:15","date_gmt":"2020-02-25T04:15:15","guid":{"rendered":"https:\/\/edelweiss-realestate.com\/a-propos-de-nous\/"},"modified":"2026-03-02T13:20:53","modified_gmt":"2026-03-02T19:20:53","slug":"a-propos-de-nous","status":"publish","type":"page","link":"https:\/\/edelweiss-realestate.com\/fr\/a-propos-de-nous\/","title":{"rendered":"\u00c0 propos de nous"},"content":{"rendered":"\t\t<div data-elementor-type=\"wp-page\" data-elementor-id=\"19765\" class=\"elementor elementor-19765\">\n\t\t\t\t\t\t<section class=\"elementor-section elementor-top-section elementor-element elementor-element-5b81e21 elementor-section-height-min-height animated-slow elementor-section-boxed elementor-section-height-default elementor-section-items-middle elementor-invisible\" data-id=\"5b81e21\" data-element_type=\"section\" data-e-type=\"section\" data-settings=\"{&quot;background_background&quot;:&quot;classic&quot;,&quot;animation&quot;:&quot;fadeIn&quot;}\">\n\t\t\t\t\t\t\t<div class=\"elementor-background-overlay\"><\/div>\n\t\t\t\t\t\t\t<div class=\"elementor-container elementor-column-gap-default\">\n\t\t\t\t\t<div class=\"elementor-column elementor-col-100 elementor-top-column elementor-element elementor-element-ad367f8\" data-id=\"ad367f8\" data-element_type=\"column\" data-e-type=\"column\">\n\t\t\t<div class=\"elementor-widget-wrap elementor-element-populated\">\n\t\t\t\t\t\t<div class=\"elementor-element elementor-element-0e7939f elementor-widget elementor-widget-heading\" data-id=\"0e7939f\" data-element_type=\"widget\" data-e-type=\"widget\" data-widget_type=\"heading.default\">\n\t\t\t\t<div class=\"elementor-widget-container\">\n\t\t\t\t\t<h1 class=\"elementor-heading-title elementor-size-default\">\u00c0 propos de nous<\/h1>\t\t\t\t<\/div>\n\t\t\t\t<\/div>\n\t\t\t\t\t<\/div>\n\t\t<\/div>\n\t\t\t\t\t<\/div>\n\t\t<\/section>\n\t\t\t\t<section class=\"elementor-section elementor-top-section elementor-element elementor-element-09038dc elementor-section-boxed elementor-section-height-default elementor-section-height-default\" data-id=\"09038dc\" data-element_type=\"section\" data-e-type=\"section\" data-settings=\"{&quot;background_background&quot;:&quot;classic&quot;}\">\n\t\t\t\t\t\t<div class=\"elementor-container elementor-column-gap-default\">\n\t\t\t\t\t<div class=\"elementor-column elementor-col-100 elementor-top-column elementor-element elementor-element-c8278ac\" data-id=\"c8278ac\" data-element_type=\"column\" data-e-type=\"column\">\n\t\t\t<div class=\"elementor-widget-wrap elementor-element-populated\">\n\t\t\t\t\t\t<div class=\"elementor-element elementor-element-3271868 elementor-widget elementor-widget-spacer\" data-id=\"3271868\" data-element_type=\"widget\" data-e-type=\"widget\" data-widget_type=\"spacer.default\">\n\t\t\t\t<div class=\"elementor-widget-container\">\n\t\t\t\t\t\t\t<div class=\"elementor-spacer\">\n\t\t\t<div class=\"elementor-spacer-inner\"><\/div>\n\t\t<\/div>\n\t\t\t\t\t\t<\/div>\n\t\t\t\t<\/div>\n\t\t\t\t<div class=\"elementor-element elementor-element-69fe9b8 elementor-widget elementor-widget-text-editor\" data-id=\"69fe9b8\" data-element_type=\"widget\" data-e-type=\"widget\" data-widget_type=\"text-editor.default\">\n\t\t\t\t<div class=\"elementor-widget-container\">\n\t\t\t\t\t\t\t\t\t<p data-start=\"213\" data-end=\"425\"><strong>Edelweiss\u00a0Real\u00a0Estate<\/strong> est une soci\u00e9t\u00e9 immobili\u00e8re d&#8217;envergure internationale, sp\u00e9cialis\u00e9e dans le d\u00e9veloppement, la commercialisation et la gestion de propri\u00e9t\u00e9s dans le <strong>Sud du Costa Rica<\/strong>, situ\u00e9e \u00e0\u00a0<strong>P\u00e9rez\u00a0Zeled\u00f3n<\/strong>, dans la province de San Jos\u00e9, au Costa Rica.<\/p><p data-start=\"427\" data-end=\"822\">Gr\u00e2ce \u00e0 notre vision strat\u00e9gique et \u00e0 notre connaissance approfondie du march\u00e9 local, nous proposons des solutions immobili\u00e8res aux clients internationaux, aux investisseurs et aux promoteurs qui souhaitent tirer parti des opportunit\u00e9s uniques offertes par cette r\u00e9gion en forte croissance. Notre portefeuille comprend des propri\u00e9t\u00e9s r\u00e9sidentielles, commerciales, rurales et de grande valeur pour des projets touristiques ou agro-industriels.<\/p><p data-start=\"824\" data-end=\"1129\">Nous nous distinguons par notre approche professionnelle, notre attention personnalis\u00e9e et notre engagement envers l\u2019excellence. Nous agissons en tant que partenaires strat\u00e9giques pour nos clients, en leur offrant des conseils complets en mati\u00e8re de processus d&#8217;investissement, d&#8217;analyse de rentabilit\u00e9, de conformit\u00e9\u00a0r\u00e9glementaire\u00a0et de gestion d&#8217;actifs immobiliers.<\/p><p data-start=\"1131\" data-end=\"1446\">Inspir\u00e9s par la <strong>fleur\u00a0Edelweiss<\/strong>, symbole de qualit\u00e9, de confiance et d&#8217;exclusivit\u00e9, nous repr\u00e9sentons un standard sup\u00e9rieur dans le domaine des services immobiliers. Notre r\u00e9seau d&#8217;alli\u00e9s locaux et internationaux, associ\u00e9 \u00e0 une \u00e9quipe multidisciplinaire, nous permet d&#8217;op\u00e9rer avec agilit\u00e9, s\u00e9curit\u00e9 juridique et vision \u00e0 long terme.<\/p><p data-start=\"1448\" data-end=\"1621\"><strong data-start=\"1448\" data-end=\"1473\">Edelweiss Real Estate<\/strong> est le partenaire de confiance pour ceux qui souhaitent investir, diversifier leurs activit\u00e9s ou s&#8217;installer dans l&#8217;une des r\u00e9gions les plus prometteuses et authentiques du Costa Rica.<\/p>\t\t\t\t\t\t\t\t<\/div>\n\t\t\t\t<\/div>\n\t\t\t\t<div class=\"elementor-element elementor-element-89a95a6 elementor-widget elementor-widget-spacer\" data-id=\"89a95a6\" data-element_type=\"widget\" data-e-type=\"widget\" data-widget_type=\"spacer.default\">\n\t\t\t\t<div class=\"elementor-widget-container\">\n\t\t\t\t\t\t\t<div class=\"elementor-spacer\">\n\t\t\t<div class=\"elementor-spacer-inner\"><\/div>\n\t\t<\/div>\n\t\t\t\t\t\t<\/div>\n\t\t\t\t<\/div>\n\t\t\t\t\t<\/div>\n\t\t<\/div>\n\t\t\t\t\t<\/div>\n\t\t<\/section>\n\t\t\t\t<section class=\"elementor-section elementor-top-section elementor-element elementor-element-14991b5c elementor-section-content-bottom elementor-section-height-min-height elementor-section-full_width elementor-section-height-default elementor-section-items-middle\" data-id=\"14991b5c\" data-element_type=\"section\" data-e-type=\"section\" data-settings=\"{&quot;background_background&quot;:&quot;classic&quot;}\">\n\t\t\t\t\t\t<div class=\"elementor-container elementor-column-gap-wide\">\n\t\t\t\t\t<div class=\"elementor-column elementor-col-50 elementor-top-column elementor-element elementor-element-6e29eb1a\" data-id=\"6e29eb1a\" data-element_type=\"column\" data-e-type=\"column\">\n\t\t\t<div class=\"elementor-widget-wrap elementor-element-populated\">\n\t\t\t\t\t\t\t<\/div>\n\t\t<\/div>\n\t\t\t\t<div class=\"elementor-column elementor-col-50 elementor-top-column elementor-element elementor-element-7e30fee8\" data-id=\"7e30fee8\" data-element_type=\"column\" data-e-type=\"column\">\n\t\t\t<div class=\"elementor-widget-wrap\">\n\t\t\t\t\t\t\t<\/div>\n\t\t<\/div>\n\t\t\t\t\t<\/div>\n\t\t<\/section>\n\t\t\t\t<\/div>\n\t\t","protected":false},"excerpt":{"rendered":"<p>\u00c0 propos de nous Edelweiss\u00a0Real\u00a0Estate est une soci\u00e9t\u00e9 immobili\u00e8re d&#8217;envergure internationale, sp\u00e9cialis\u00e9e dans le d\u00e9veloppement, la commercialisation et la gestion de propri\u00e9t\u00e9s dans le Sud du Costa Rica, situ\u00e9e \u00e0\u00a0P\u00e9rez\u00a0Zeled\u00f3n, dans la province de San Jos\u00e9, au Costa Rica. Gr\u00e2ce \u00e0 notre vision strat\u00e9gique et \u00e0 notre connaissance approfondie du march\u00e9 local, nous proposons des [&hellip;]<\/p>\n","protected":false},"author":4,"featured_media":0,"parent":0,"menu_order":0,"comment_status":"closed","ping_status":"closed","template":"elementor_header_footer","meta":{"footnotes":""},"class_list":["post-19765","page","type-page","status-publish","hentry"],"_links":{"self":[{"href":"https:\/\/edelweiss-realestate.com\/fr\/wp-json\/wp\/v2\/pages\/19765","targetHints":{"allow":["GET"]}}],"collection":[{"href":"https:\/\/edelweiss-realestate.com\/fr\/wp-json\/wp\/v2\/pages"}],"about":[{"href":"https:\/\/edelweiss-realestate.com\/fr\/wp-json\/wp\/v2\/types\/page"}],"author":[{"embeddable":true,"href":"https:\/\/edelweiss-realestate.com\/fr\/wp-json\/wp\/v2\/users\/4"}],"replies":[{"embeddable":true,"href":"https:\/\/edelweiss-realestate.com\/fr\/wp-json\/wp\/v2\/comments?post=19765"}],"version-history":[{"count":7,"href":"https:\/\/edelweiss-realestate.com\/fr\/wp-json\/wp\/v2\/pages\/19765\/revisions"}],"predecessor-version":[{"id":20541,"href":"https:\/\/edelweiss-realestate.com\/fr\/wp-json\/wp\/v2\/pages\/19765\/revisions\/20541"}],"wp:attachment":[{"href":"https:\/\/edelweiss-realestate.com\/fr\/wp-json\/wp\/v2\/media?parent=19765"}],"curies":[{"name":"wp","href":"https:\/\/api.w.org\/{rel}","templated":true}]}}