{"id":19766,"date":"2020-02-24T22:15:15","date_gmt":"2020-02-25T04:15:15","guid":{"rendered":"https:\/\/edelweiss-realestate.com\/uber-uns\/"},"modified":"2026-03-02T14:21:23","modified_gmt":"2026-03-02T20:21:23","slug":"uber-uns","status":"publish","type":"page","link":"https:\/\/edelweiss-realestate.com\/de\/uber-uns\/","title":{"rendered":"\u00dcber uns"},"content":{"rendered":"\t\t<div data-elementor-type=\"wp-page\" data-elementor-id=\"19766\" class=\"elementor elementor-19766\">\n\t\t\t\t\t\t<section class=\"elementor-section elementor-top-section elementor-element elementor-element-5b81e21 elementor-section-height-min-height animated-slow elementor-section-boxed elementor-section-height-default elementor-section-items-middle elementor-invisible\" data-id=\"5b81e21\" data-element_type=\"section\" data-e-type=\"section\" data-settings=\"{&quot;background_background&quot;:&quot;classic&quot;,&quot;animation&quot;:&quot;fadeIn&quot;}\">\n\t\t\t\t\t\t\t<div class=\"elementor-background-overlay\"><\/div>\n\t\t\t\t\t\t\t<div class=\"elementor-container elementor-column-gap-default\">\n\t\t\t\t\t<div class=\"elementor-column elementor-col-100 elementor-top-column elementor-element elementor-element-ad367f8\" data-id=\"ad367f8\" data-element_type=\"column\" data-e-type=\"column\">\n\t\t\t<div class=\"elementor-widget-wrap elementor-element-populated\">\n\t\t\t\t\t\t<div class=\"elementor-element elementor-element-0e7939f elementor-widget elementor-widget-heading\" data-id=\"0e7939f\" data-element_type=\"widget\" data-e-type=\"widget\" data-widget_type=\"heading.default\">\n\t\t\t\t<div class=\"elementor-widget-container\">\n\t\t\t\t\t<h1 class=\"elementor-heading-title elementor-size-default\">\u00dcber uns<\/h1>\t\t\t\t<\/div>\n\t\t\t\t<\/div>\n\t\t\t\t\t<\/div>\n\t\t<\/div>\n\t\t\t\t\t<\/div>\n\t\t<\/section>\n\t\t\t\t<section class=\"elementor-section elementor-top-section elementor-element elementor-element-09038dc elementor-section-boxed elementor-section-height-default elementor-section-height-default\" data-id=\"09038dc\" data-element_type=\"section\" data-e-type=\"section\" data-settings=\"{&quot;background_background&quot;:&quot;classic&quot;}\">\n\t\t\t\t\t\t<div class=\"elementor-container elementor-column-gap-default\">\n\t\t\t\t\t<div class=\"elementor-column elementor-col-100 elementor-top-column elementor-element elementor-element-c8278ac\" data-id=\"c8278ac\" data-element_type=\"column\" data-e-type=\"column\">\n\t\t\t<div class=\"elementor-widget-wrap elementor-element-populated\">\n\t\t\t\t\t\t<div class=\"elementor-element elementor-element-3271868 elementor-widget elementor-widget-spacer\" data-id=\"3271868\" data-element_type=\"widget\" data-e-type=\"widget\" data-widget_type=\"spacer.default\">\n\t\t\t\t<div class=\"elementor-widget-container\">\n\t\t\t\t\t\t\t<div class=\"elementor-spacer\">\n\t\t\t<div class=\"elementor-spacer-inner\"><\/div>\n\t\t<\/div>\n\t\t\t\t\t\t<\/div>\n\t\t\t\t<\/div>\n\t\t\t\t<div class=\"elementor-element elementor-element-69fe9b8 elementor-widget elementor-widget-text-editor\" data-id=\"69fe9b8\" data-element_type=\"widget\" data-e-type=\"widget\" data-widget_type=\"text-editor.default\">\n\t\t\t\t<div class=\"elementor-widget-container\">\n\t\t\t\t\t\t\t\t\t<p data-start=\"213\" data-end=\"425\"><strong data-start=\"213\" data-end=\"238\">Edelweiss Real Estate<\/strong> ist ein international t\u00e4tiges Immobilienunternehmen mit Sitz in\u00a0<strong>P\u00e9rez\u00a0Zeled\u00f3n<\/strong>, San Jos\u00e9, Costa Rica, das sich auf die Entwicklung, Vermarktung und Verwaltung von Immobilien und Grundst\u00fccken im <strong>S\u00fcden Costa Ricas<\/strong> spezialisiert hat.<\/p><p data-start=\"427\" data-end=\"822\">Mit einer strategischen Vision und fundierten Kenntnissen des lokalen Marktes bieten wir Immobilienl\u00f6sungen f\u00fcr lokale sowie internationale Kunden, Investoren und Bautr\u00e4ger, die die einzigartigen Chancen dieser wachstumsstarken Region nutzen m\u00f6chten. Unser Portfolio umfasst Wohn- und Gewerbeimmobilien, Grundst\u00fccke und L\u00e4ndereien sowie hochwertige Objekte f\u00fcr Projekte im Tourismus- und Agrarbereich.<\/p><p data-start=\"824\" data-end=\"1129\">Wir zeichnen uns durch unsere professionelle Herangehensweise, pers\u00f6nliche Betreuung und unser Engagement f\u00fcr Spitzenleistungen aus. Wir agieren als strategische Partner f\u00fcr unsere Kunden und bieten umfassende Beratung in den Bereichen Investitionsprozesse, Rentabilit\u00e4tsanalysen, Einhaltung gesetzlicher Vorschriften und Immobilienverwaltung.<\/p><p data-start=\"1131\" data-end=\"1446\">Inspiriert von der Blume\u00a0<strong>Edelweiss<\/strong>, Symbol f\u00fcr Qualit\u00e4t, Vertrauen und Exklusivit\u00e4t, stehen wir f\u00fcr einen h\u00f6heren Standard im Immobilienservice. Unser Netzwerk aus lokalen und internationalen Partnern sowie ein interdisziplin\u00e4res Team erm\u00f6glichen es uns, flexibel, rechtssicher und mit Weitblick zu agieren.<\/p><p data-start=\"1448\" data-end=\"1621\"><strong data-start=\"1448\" data-end=\"1473\">Edelweiss Real Estate<\/strong>\u00a0ist der zuverl\u00e4ssige Partner f\u00fcr alle, die in einer der vielversprechendsten und authentischsten Regionen Costa Ricas investieren, diversifizieren oder sich niederlassen m\u00f6chten.<\/p>\t\t\t\t\t\t\t\t<\/div>\n\t\t\t\t<\/div>\n\t\t\t\t<div class=\"elementor-element elementor-element-89a95a6 elementor-widget elementor-widget-spacer\" data-id=\"89a95a6\" data-element_type=\"widget\" data-e-type=\"widget\" data-widget_type=\"spacer.default\">\n\t\t\t\t<div class=\"elementor-widget-container\">\n\t\t\t\t\t\t\t<div class=\"elementor-spacer\">\n\t\t\t<div class=\"elementor-spacer-inner\"><\/div>\n\t\t<\/div>\n\t\t\t\t\t\t<\/div>\n\t\t\t\t<\/div>\n\t\t\t\t\t<\/div>\n\t\t<\/div>\n\t\t\t\t\t<\/div>\n\t\t<\/section>\n\t\t\t\t<section class=\"elementor-section elementor-top-section elementor-element elementor-element-14991b5c elementor-section-content-bottom elementor-section-height-min-height elementor-section-full_width elementor-section-height-default elementor-section-items-middle\" data-id=\"14991b5c\" data-element_type=\"section\" data-e-type=\"section\" data-settings=\"{&quot;background_background&quot;:&quot;classic&quot;}\">\n\t\t\t\t\t\t<div class=\"elementor-container elementor-column-gap-wide\">\n\t\t\t\t\t<div class=\"elementor-column elementor-col-50 elementor-top-column elementor-element elementor-element-6e29eb1a\" data-id=\"6e29eb1a\" data-element_type=\"column\" data-e-type=\"column\">\n\t\t\t<div class=\"elementor-widget-wrap elementor-element-populated\">\n\t\t\t\t\t\t\t<\/div>\n\t\t<\/div>\n\t\t\t\t<div class=\"elementor-column elementor-col-50 elementor-top-column elementor-element elementor-element-7e30fee8\" data-id=\"7e30fee8\" data-element_type=\"column\" data-e-type=\"column\">\n\t\t\t<div class=\"elementor-widget-wrap\">\n\t\t\t\t\t\t\t<\/div>\n\t\t<\/div>\n\t\t\t\t\t<\/div>\n\t\t<\/section>\n\t\t\t\t<\/div>\n\t\t","protected":false},"excerpt":{"rendered":"<p>\u00dcber uns Edelweiss Real Estate ist ein international t\u00e4tiges Immobilienunternehmen mit Sitz in\u00a0P\u00e9rez\u00a0Zeled\u00f3n, San Jos\u00e9, Costa Rica, das sich auf die Entwicklung, Vermarktung und Verwaltung von Immobilien und Grundst\u00fccken im S\u00fcden Costa Ricas spezialisiert hat. Mit einer strategischen Vision und fundierten Kenntnissen des lokalen Marktes bieten wir Immobilienl\u00f6sungen f\u00fcr lokale sowie internationale Kunden, Investoren und [&hellip;]<\/p>\n","protected":false},"author":4,"featured_media":0,"parent":0,"menu_order":0,"comment_status":"closed","ping_status":"closed","template":"elementor_header_footer","meta":{"footnotes":""},"class_list":["post-19766","page","type-page","status-publish","hentry"],"_links":{"self":[{"href":"https:\/\/edelweiss-realestate.com\/de\/wp-json\/wp\/v2\/pages\/19766","targetHints":{"allow":["GET"]}}],"collection":[{"href":"https:\/\/edelweiss-realestate.com\/de\/wp-json\/wp\/v2\/pages"}],"about":[{"href":"https:\/\/edelweiss-realestate.com\/de\/wp-json\/wp\/v2\/types\/page"}],"author":[{"embeddable":true,"href":"https:\/\/edelweiss-realestate.com\/de\/wp-json\/wp\/v2\/users\/4"}],"replies":[{"embeddable":true,"href":"https:\/\/edelweiss-realestate.com\/de\/wp-json\/wp\/v2\/comments?post=19766"}],"version-history":[{"count":17,"href":"https:\/\/edelweiss-realestate.com\/de\/wp-json\/wp\/v2\/pages\/19766\/revisions"}],"predecessor-version":[{"id":20609,"href":"https:\/\/edelweiss-realestate.com\/de\/wp-json\/wp\/v2\/pages\/19766\/revisions\/20609"}],"wp:attachment":[{"href":"https:\/\/edelweiss-realestate.com\/de\/wp-json\/wp\/v2\/media?parent=19766"}],"curies":[{"name":"wp","href":"https:\/\/api.w.org\/{rel}","templated":true}]}}